{"id":6,"date":"2019-12-23T11:31:51","date_gmt":"2019-12-23T11:31:51","guid":{"rendered":"http:\/\/www.extremekids.pl\/?page_id=6"},"modified":"2025-01-05T10:39:41","modified_gmt":"2025-01-05T10:39:41","slug":"mesmerize","status":"publish","type":"page","link":"https:\/\/www.extremekids.pl\/","title":{"rendered":"Front Page"},"content":{"rendered":"<div  id=\"zajecia-1\" class=\"features-16 content-section content-section-spacing\" style=\"background-color: #ffffff; background-image: none;\" data-label=\"Zaj\u0119cia\" data-id=\"features--3\" data-export-id=\"features-16\" data-category=\"features\">\n<div  class=\"\">\n<div  class=\"row text-center\">\n<div  class=\"section-title-col\" data-type=\"column\">\n<h2  class=\"\">Zaj\u0119cia<\/h2>\n<\/div>\n<\/div>\n<div  class=\"row spaced-cols content-center-sm center-sm\" data-type=\"row\">\n\n<div  class=\"col-xs-12 col-sm-6 space-bottom col-md-3 \"><img decoding=\"async\"  class=\"face\" title=\"cropped-cropped-208671369_345215866997084_5208204858415539984_n.jpg\" src=\"https:\/\/www.extremekids.pl\/wp-content\/uploads\/2021\/07\/cropped-cropped-208671369_345215866997084_5208204858415539984_n.jpg\" alt=\"\">\n<div  class=\"col-padding-small col-padding-small-xs description-container\" data-type=\"column\">\n<h4  class=\"font-500\">P\u0142ywanie Dla Dzieci<\/h4>\n<p  class=\"\">Nauka p\u0142ywania od podstaw oraz doskonalenie technik p\u0142ywackich \n<br >dla dzieci i m\u0142odzie\u017cy.<\/p>\n<a class=\"button blue\" href=\"https:\/\/www.extremekids.pl?page_id=189\" target=\"_self\" rel=\"noopener noreferrer\" data-cp-link=\"1\">Szczeg\u00f3\u0142y<\/a>\n\n<\/div>\n<\/div>\n<div  class=\"col-xs-12 col-sm-6 space-bottom col-md-3\"><img decoding=\"async\"  class=\"face\" title=\"cropped-Nauka-Doro\u015bli-2.jpg\" src=\"https:\/\/www.extremekids.pl\/wp-content\/uploads\/2020\/02\/cropped-Nauka-Doro%C5%9Bli-2.jpg\" alt=\"\">\n<div  class=\"col-padding-small col-padding-small-xs description-container\" data-type=\"column\">\n<h4  class=\"font-500\">Zaj\u0119cia Indywidualne<\/h4>\n<p  class=\"\">Zaj\u0119cia z instruktorem tylko dla Ciebie,&nbsp;to indywidualne podej\u015bcie do Twojej nauki, post\u0119p\u00f3w, b\u0142\u0119d\u00f3w czy treningu.<\/p>\n<a class=\"button blue\" href=\"https:\/\/www.extremekids.pl?page_id=210\" target=\"_self\" rel=\"noopener noreferrer\" data-cp-link=\"1\">Szczeg\u00f3\u0142y<\/a>\n\n<\/div>\n<\/div>\n<div  class=\"col-xs-12 col-sm-6 space-bottom col-md-3 \"><img decoding=\"async\"  class=\"face\" title=\"Nauka Dzieci\" src=\"https:\/\/www.extremekids.pl\/wp-content\/uploads\/2020\/02\/Nauka-Dzieci.jpg\" alt=\"\">\n<div  class=\"col-padding-small col-padding-small-xs description-container\" data-type=\"column\">\n<h4  class=\"font-500\">Zaj\u0119cia Dla Przedszkolak\u00f3w<\/h4>\n<p  class=\"\">Oswajanie z wod\u0105 oraz nauka podstaw p\u0142ywania poprzez gry i zabawy.\n\nZaj\u0119cia dla dzieci w wieku 5 \u2013 6 lat.<\/p>\n<a class=\"button blue\" href=\"https:\/\/www.extremekids.pl?page_id=221\" target=\"_self\" rel=\"noopener noreferrer\" data-cp-link=\"1\">Szczeg\u00f3\u0142y<\/a>\n\n<\/div>\n<\/div>\n<\/div>\n<\/div>\n<\/div><div  id=\"kontakt\" class=\"contact-1 content-section content-section-spacing white-text\" style=\"background-image: url(&quot;https:\/\/www.extremekids.pl\/wp-content\/uploads\/2020\/01\/maarten-van-den-heuvel-VAdFzJJDzgg-unsplash-scaled.jpg&quot;); background-size: cover; background-position: center top;\" data-label=\"Kontakt\" data-id=\"contact-1\" data-export-id=\"contact-1\" data-category=\"contact\" data-parallax-depth=\"20\">\n<div  class=\"gridContainer\">\n<div  class=\"row text-center\">\n<div  class=\"section-title-col\" data-type=\"column\">\n<h2  class=\"\">Masz pytanie?<\/h2>\n<\/div>\n<\/div>\n<div  class=\"row text-center\">\n<div  class=\"col-xs-12 col-sm-8 col-sm-offset-2 contact-form-wrapper inline-info\">\n<div  class=\"card large-padding\">\n<div  class=\"\" data-content-shortcode=\"mesmerize_contact_form shortcode=&quot;contact-form-7 id=&amp;amp;quot;52&amp;amp;quot; title=&amp;amp;quot;Formularz 1&amp;amp;quot;&quot;\" data-editable=\"true\"><div role=\"form\" class=\"wpcf7\" id=\"wpcf7-f52-o1\" lang=\"pl-PL\" dir=\"ltr\">\n<div class=\"screen-reader-response\"><p role=\"status\" aria-live=\"polite\" aria-atomic=\"true\"><\/p> <ul><\/ul><\/div>\n<form action=\"\/index.php?rest_route=%2Fwp%2Fv2%2Fpages%2F6#wpcf7-f52-o1\" method=\"post\" class=\"wpcf7-form init\" novalidate=\"novalidate\" data-status=\"init\">\n<div style=\"display: none;\">\n<input type=\"hidden\" name=\"_wpcf7\" value=\"52\" \/>\n<input type=\"hidden\" name=\"_wpcf7_version\" value=\"5.6.2\" \/>\n<input type=\"hidden\" name=\"_wpcf7_locale\" value=\"pl_PL\" \/>\n<input type=\"hidden\" name=\"_wpcf7_unit_tag\" value=\"wpcf7-f52-o1\" \/>\n<input type=\"hidden\" name=\"_wpcf7_container_post\" value=\"0\" \/>\n<input type=\"hidden\" name=\"_wpcf7_posted_data_hash\" value=\"\" \/>\n<\/div>\n<p><label> Imi\u0119 i nazwisko (wymagane)<br \/>\n    <span class=\"wpcf7-form-control-wrap\" data-name=\"your-name\"><input type=\"text\" name=\"your-name\" value=\"\" size=\"40\" class=\"wpcf7-form-control wpcf7-text wpcf7-validates-as-required\" aria-required=\"true\" aria-invalid=\"false\" \/><\/span> <\/label><\/p>\n<p><label> Adres email (wymagane)<br \/>\n    <span class=\"wpcf7-form-control-wrap\" data-name=\"your-email\"><input type=\"email\" name=\"your-email\" value=\"\" size=\"40\" class=\"wpcf7-form-control wpcf7-text wpcf7-email wpcf7-validates-as-required wpcf7-validates-as-email\" aria-required=\"true\" aria-invalid=\"false\" \/><\/span> <\/label><\/p>\n<p><label> Temat<br \/>\n    <span class=\"wpcf7-form-control-wrap\" data-name=\"your-subject\"><input type=\"text\" name=\"your-subject\" value=\"\" size=\"40\" class=\"wpcf7-form-control wpcf7-text\" aria-invalid=\"false\" \/><\/span> <\/label><\/p>\n<p><label> Tre\u015b\u0107 wiadomo\u015bci<br \/>\n    <span class=\"wpcf7-form-control-wrap\" data-name=\"your-message\"><textarea name=\"your-message\" cols=\"40\" rows=\"10\" class=\"wpcf7-form-control wpcf7-textarea\" aria-invalid=\"false\"><\/textarea><\/span> <\/label><\/p>\n<p><input type=\"submit\" value=\"Wy\u015blij\" class=\"wpcf7-form-control has-spinner wpcf7-submit\" \/><\/p>\n<div class=\"wpcf7-response-output\" aria-hidden=\"true\"><\/div><\/form><\/div><\/div>\n<\/div>\n<\/div>\n<\/div>\n<\/div>\n<\/div><p  class=\"has-text-color has-text-align-center\" style=\"color: #000000;\"><strong >Nasi Partnerzy:\n\t\t\t\t\n\t\t<\/strong><\/p><strong >\n\t\t\t\n\t\t<\/strong><p  style=\"text-align: center;\"><\/p>","protected":false},"excerpt":{"rendered":"<p>Zaj\u0119cia P\u0142ywanie Dla Dzieci Nauka p\u0142ywania od podstaw oraz doskonalenie technik p\u0142ywackich dla dzieci i m\u0142odzie\u017cy. Szczeg\u00f3\u0142y Zaj\u0119cia Indywidualne Zaj\u0119cia z instruktorem tylko dla Ciebie,&nbsp;to indywidualne podej\u015bcie do Twojej nauki, post\u0119p\u00f3w, b\u0142\u0119d\u00f3w czy treningu. Szczeg\u00f3\u0142y Zaj\u0119cia Dla Przedszkolak\u00f3w Oswajanie z wod\u0105 oraz nauka podstaw p\u0142ywania poprzez gry i zabawy. Zaj\u0119cia dla dzieci w wieku 5&hellip; <br \/> <a class=\"read-more\" href=\"https:\/\/www.extremekids.pl\/\">Dowiedz si\u0119 wi\u0119cej<\/a><\/p>\n","protected":false},"author":1,"featured_media":0,"parent":0,"menu_order":0,"comment_status":"closed","ping_status":"closed","template":"page-templates\/homepage.php","meta":{"footnotes":""},"class_list":["post-6","page","type-page","status-publish","hentry"],"_links":{"self":[{"href":"https:\/\/www.extremekids.pl\/index.php?rest_route=\/wp\/v2\/pages\/6","targetHints":{"allow":["GET"]}}],"collection":[{"href":"https:\/\/www.extremekids.pl\/index.php?rest_route=\/wp\/v2\/pages"}],"about":[{"href":"https:\/\/www.extremekids.pl\/index.php?rest_route=\/wp\/v2\/types\/page"}],"author":[{"embeddable":true,"href":"https:\/\/www.extremekids.pl\/index.php?rest_route=\/wp\/v2\/users\/1"}],"replies":[{"embeddable":true,"href":"https:\/\/www.extremekids.pl\/index.php?rest_route=%2Fwp%2Fv2%2Fcomments&post=6"}],"version-history":[{"count":60,"href":"https:\/\/www.extremekids.pl\/index.php?rest_route=\/wp\/v2\/pages\/6\/revisions"}],"predecessor-version":[{"id":473,"href":"https:\/\/www.extremekids.pl\/index.php?rest_route=\/wp\/v2\/pages\/6\/revisions\/473"}],"wp:attachment":[{"href":"https:\/\/www.extremekids.pl\/index.php?rest_route=%2Fwp%2Fv2%2Fmedia&parent=6"}],"curies":[{"name":"wp","href":"https:\/\/api.w.org\/{rel}","templated":true}]}}