{"id":221,"date":"2020-02-10T10:55:36","date_gmt":"2020-02-10T10:55:36","guid":{"rendered":"http:\/\/www.extremekids.pl\/?page_id=221"},"modified":"2025-01-05T10:43:02","modified_gmt":"2025-01-05T10:43:02","slug":"kajaki-dla-kazdego","status":"publish","type":"page","link":"https:\/\/www.extremekids.pl\/?page_id=221","title":{"rendered":"Zaj\u0119cia Dla Przedszkolak\u00f3w"},"content":{"rendered":"\n<p class=\"has-text-align-center has-text-color\" style=\"color:#000000\">Grupowe zaj\u0119cia dla dzieci w wieku <strong>5 &#8211; 6 lat<\/strong>, <br>maj\u0105ce na celu oswojenie ze \u015brodowiskiem wodnym<br>oraz nauk\u0119 podstaw p\u0142ywania. <\/p>\n\n\n\n<p class=\"has-text-align-center has-text-color\" style=\"color:#000000\">Ze wzgl\u0119du na wiek uczestnik\u00f3w, zaj\u0119cia odbywaj\u0105 si\u0119 <br>w formie gier i zabaw. Aby nasi mali p\u0142ywacy <br>rozpocz\u0119li swoj\u0105 przygod\u0119 z p\u0142ywaniem <br>w najbardziej komfortowych warunkach, <br>grupa prowadzona jest na p\u0142ytkiej cz\u0119\u015bci (90 cm),<br>a temperatura wody przekracza 30 stopni. <\/p>\n\n\n\n<p class=\"has-text-align-center has-black-color has-text-color\">Spotkania grupy przedszkolnej odbywaj\u0105 si\u0119 <strong>raz<\/strong> w tygodniu, <br>a pe\u0142ny kurs sk\u0142ada si\u0119 z <strong>8 zaj\u0119\u0107<\/strong>, po 45 minut ka\u017cde.<br>Grupa mo\u017ce sk\u0142ada\u0107 si\u0119 z maksymalnie 16 os\u00f3b. <br>Ze wzgl\u0119du na <strong>komfort i bezpiecze\u0144stwo<\/strong> Pa\u0144stwa dzieci, <br>zaj\u0119cia w grupie powy\u017cej 8 os\u00f3b prowadzone s\u0105 przez <strong>dw\u00f3ch instruktor\u00f3w<\/strong>.<\/p>\n\n\n\n<p class=\"has-text-align-center has-black-color has-text-color\"><strong>Zapraszamy do zapis\u00f3w, kursy odbywaj\u0105 si\u0119 w cyklach 2 miesi\u0119cznych!<\/strong><\/p>\n\n\n\n<p class=\"has-text-align-center has-black-color has-text-color\"><strong>Zaj\u0119cia odbywaj\u0105 si\u0119:<\/strong><\/p>\n\n\n\n<p class=\"has-text-align-center has-black-color has-text-color\"><strong>P\u0142ywalnia SP 45 w Sosnowcu<\/strong><br>ul. Czeladzka 58<br> Sobota lub Niedziela godz. 14:00<br><br><strong>P\u0142ywalnia SP 20 w D\u0105browie G\u00f3rniczej<\/strong><br>ul. Adamieckiego 12<br>Pi\u0105tek godz. 16:20 <\/p>\n\n\n\n<p class=\"has-text-align-center has-black-color has-text-color\">Aktualne informacje znajdziecie Pa\u0144stwo r\u00f3wnie\u017c <br>na naszym profilu <strong><a rel=\"noreferrer noopener\" aria-label=\"Facebook (otwiera si\u0119 na nowej zak\u0142adce)\" href=\"https:\/\/www.facebook.com\/Extreme-Kids-102087044643302\/\" target=\"_blank\">Facebook<\/a><\/strong>.<\/p>\n\n\n\n<p class=\"has-text-align-center has-text-color\" style=\"color:#000000\"><strong>Koszt kursu to 300 z\u0142<\/strong><\/p>\n","protected":false},"excerpt":{"rendered":"<p>Grupowe zaj\u0119cia dla dzieci w wieku 5 &#8211; 6 lat, maj\u0105ce na celu oswojenie ze \u015brodowiskiem wodnymoraz nauk\u0119 podstaw p\u0142ywania. Ze wzgl\u0119du na wiek uczestnik\u00f3w, zaj\u0119cia odbywaj\u0105 si\u0119 w formie gier i zabaw. Aby nasi mali p\u0142ywacy rozpocz\u0119li swoj\u0105 przygod\u0119 z p\u0142ywaniem w najbardziej komfortowych warunkach, grupa prowadzona jest na p\u0142ytkiej cz\u0119\u015bci (90 cm),a temperatura&hellip; <br \/> <a class=\"read-more\" href=\"https:\/\/www.extremekids.pl\/?page_id=221\">Dowiedz si\u0119 wi\u0119cej<\/a><\/p>\n","protected":false},"author":1,"featured_media":0,"parent":17,"menu_order":0,"comment_status":"closed","ping_status":"closed","template":"","meta":{"footnotes":""},"class_list":["post-221","page","type-page","status-publish","hentry"],"_links":{"self":[{"href":"https:\/\/www.extremekids.pl\/index.php?rest_route=\/wp\/v2\/pages\/221","targetHints":{"allow":["GET"]}}],"collection":[{"href":"https:\/\/www.extremekids.pl\/index.php?rest_route=\/wp\/v2\/pages"}],"about":[{"href":"https:\/\/www.extremekids.pl\/index.php?rest_route=\/wp\/v2\/types\/page"}],"author":[{"embeddable":true,"href":"https:\/\/www.extremekids.pl\/index.php?rest_route=\/wp\/v2\/users\/1"}],"replies":[{"embeddable":true,"href":"https:\/\/www.extremekids.pl\/index.php?rest_route=%2Fwp%2Fv2%2Fcomments&post=221"}],"version-history":[{"count":29,"href":"https:\/\/www.extremekids.pl\/index.php?rest_route=\/wp\/v2\/pages\/221\/revisions"}],"predecessor-version":[{"id":476,"href":"https:\/\/www.extremekids.pl\/index.php?rest_route=\/wp\/v2\/pages\/221\/revisions\/476"}],"up":[{"embeddable":true,"href":"https:\/\/www.extremekids.pl\/index.php?rest_route=\/wp\/v2\/pages\/17"}],"wp:attachment":[{"href":"https:\/\/www.extremekids.pl\/index.php?rest_route=%2Fwp%2Fv2%2Fmedia&parent=221"}],"curies":[{"name":"wp","href":"https:\/\/api.w.org\/{rel}","templated":true}]}}