{"id":210,"date":"2020-02-10T10:12:31","date_gmt":"2020-02-10T10:12:31","guid":{"rendered":"http:\/\/www.extremekids.pl\/?page_id=210"},"modified":"2025-01-05T10:44:45","modified_gmt":"2025-01-05T10:44:45","slug":"plywanie-dla-doroslych","status":"publish","type":"page","link":"https:\/\/www.extremekids.pl\/?page_id=210","title":{"rendered":"Zaj\u0119cia indywidualne"},"content":{"rendered":"\n<p class=\"has-text-align-center has-black-color has-text-color\">Zaj\u0119cia indywidualne proponujemy zar\u00f3wno <strong>dzieciom<\/strong> jak i osobom <strong>doros\u0142ym<\/strong>.<br>Charakteryzuj\u0105 si\u0119 przede wszystkim tym,<br>\u017ce instruktor pozostaje tylko do Waszej dyspozycji. <br>Je\u015bli Ty, lub Twoje dziecko, nie odnajdujecie si\u0119 podczas zaj\u0119\u0107 grupowych, <br>wymagacie po\u015bwi\u0119cenia wi\u0119kszej uwagi, boicie si\u0119 wody <br>lub chcecie dopracowa\u0107 indywidualne b\u0142\u0119dy techniczne, <br>ta oferta jest skierowana w\u0142a\u015bnie do Was!<\/p>\n\n\n\n<p class=\"has-text-align-center has-black-color has-text-color\"><strong>Zaj\u0119cia indywidualne, podobnie jak pozosta\u0142e nasze zaj\u0119cia,<br>prowadzimy w dw\u00f3ch lokalizacjach:<\/strong><\/p>\n\n\n\n<p class=\"has-text-align-center has-black-color has-text-color\">P\u0142ywalnia SP 20 w D\u0105browie G\u00f3rniczej<br>ul. Adamieckiego 12<br>pi\u0105tek 16:20 &#8211; 17:05 (45 min)<\/p>\n\n\n\n<p class=\"has-text-align-center has-black-color has-text-color\">P\u0142ywalnia SP 45 w Sosnowcu<br>ul. Czeladzka 58<br>Sobota lub Niedziela 14:00 &#8211; 14:45 (45 min) <\/p>\n\n\n\n<p class=\"has-text-align-center has-black-color has-text-color\"><strong>Koszt zaj\u0119\u0107 indywidualnych:<\/strong><\/p>\n\n\n\n<p class=\"has-text-align-center has-black-color has-text-color\">1 os. &#8211; 100 z\u0142 \/ 45 min<br>2 os. &#8211; 150 z\u0142 \/ 45 min<br>3 os. &#8211; 180 z\u0142 \/ 45 min<\/p>\n\n\n\n<p class=\"has-text-align-center has-black-color has-text-color\">Aktualne informacje znajdziecie Pa\u0144stwo r\u00f3wnie\u017c<strong> <\/strong><br>na naszym profilu <strong><a href=\"https:\/\/www.facebook.com\/Extreme-Kids-102087044643302\">Facebook<\/a><\/strong><\/p>\n","protected":false},"excerpt":{"rendered":"<p>Zaj\u0119cia indywidualne proponujemy zar\u00f3wno dzieciom jak i osobom doros\u0142ym.Charakteryzuj\u0105 si\u0119 przede wszystkim tym,\u017ce instruktor pozostaje tylko do Waszej dyspozycji. Je\u015bli Ty, lub Twoje dziecko, nie odnajdujecie si\u0119 podczas zaj\u0119\u0107 grupowych, wymagacie po\u015bwi\u0119cenia wi\u0119kszej uwagi, boicie si\u0119 wody lub chcecie dopracowa\u0107 indywidualne b\u0142\u0119dy techniczne, ta oferta jest skierowana w\u0142a\u015bnie do Was! Zaj\u0119cia indywidualne, podobnie jak pozosta\u0142e&hellip; <br \/> <a class=\"read-more\" href=\"https:\/\/www.extremekids.pl\/?page_id=210\">Dowiedz si\u0119 wi\u0119cej<\/a><\/p>\n","protected":false},"author":1,"featured_media":0,"parent":17,"menu_order":0,"comment_status":"closed","ping_status":"closed","template":"","meta":{"footnotes":""},"class_list":["post-210","page","type-page","status-publish","hentry"],"_links":{"self":[{"href":"https:\/\/www.extremekids.pl\/index.php?rest_route=\/wp\/v2\/pages\/210","targetHints":{"allow":["GET"]}}],"collection":[{"href":"https:\/\/www.extremekids.pl\/index.php?rest_route=\/wp\/v2\/pages"}],"about":[{"href":"https:\/\/www.extremekids.pl\/index.php?rest_route=\/wp\/v2\/types\/page"}],"author":[{"embeddable":true,"href":"https:\/\/www.extremekids.pl\/index.php?rest_route=\/wp\/v2\/users\/1"}],"replies":[{"embeddable":true,"href":"https:\/\/www.extremekids.pl\/index.php?rest_route=%2Fwp%2Fv2%2Fcomments&post=210"}],"version-history":[{"count":10,"href":"https:\/\/www.extremekids.pl\/index.php?rest_route=\/wp\/v2\/pages\/210\/revisions"}],"predecessor-version":[{"id":478,"href":"https:\/\/www.extremekids.pl\/index.php?rest_route=\/wp\/v2\/pages\/210\/revisions\/478"}],"up":[{"embeddable":true,"href":"https:\/\/www.extremekids.pl\/index.php?rest_route=\/wp\/v2\/pages\/17"}],"wp:attachment":[{"href":"https:\/\/www.extremekids.pl\/index.php?rest_route=%2Fwp%2Fv2%2Fmedia&parent=210"}],"curies":[{"name":"wp","href":"https:\/\/api.w.org\/{rel}","templated":true}]}}